{"id":745,"date":"2016-03-10T18:51:46","date_gmt":"2016-03-10T18:51:46","guid":{"rendered":"https:\/\/default.houzez.co\/?page_id=745"},"modified":"2022-04-18T19:23:56","modified_gmt":"2022-04-18T19:23:56","slug":"terms-and-conditions","status":"publish","type":"page","link":"https:\/\/osmerhernandez.com\/es\/terms-and-conditions\/","title":{"rendered":"T\u00e9rminos y condiciones"},"content":{"rendered":"<div id=\"block-14\" class=\"footer-widget widget widget-wrap widget_block widget_text\">\n<p>Descargo de responsabilidad<\/p>\n<\/div>\n<div id=\"block-16\" class=\"footer-widget widget widget-wrap widget_block\">\n<div class=\"wp-container-1 wp-block-group\">\n<div class=\"wp-block-group__inner-container\">\n<ol>\n<li>Los compradores deben hacer su propia diligencia debida independiente.<\/li>\n<li>Las propiedades se venden TAL CUAL con\u00a0<strong>SIN PER\u00cdODO DE INSPECCI\u00d3N.\u00a0<\/strong><\/li>\n<li>El comprador debe pagar\u00a0<strong>TODOS<\/strong>\u00a0costos de cierre para el Comprador y el Vendedor.<\/li>\n<li>No se hacen representaciones escritas u orales con respecto a las propiedades anteriores.<\/li>\n<li>Todas las ofertas de propiedades requieren una\u00a0<strong>$5,000<\/strong>\u00a0<strong>No reembolsable<\/strong>\u00a0dep\u00f3sito de garant\u00eda para compradores en efectivo y\u00a0<strong>$6,000<\/strong>\u00a0<strong>No reembolsable\u00a0<\/strong>dep\u00f3sito de garant\u00eda en Hard Money Buyer&#039;s.\u00a0\u00a0<em>*El dep\u00f3sito var\u00eda seg\u00fan el precio de compra*<\/em><\/li>\n<li>Se solicitar\u00e1 prueba de fondos<\/li>\n<li>No ofrecemos ninguna garant\u00eda con respecto a la condici\u00f3n, el valor, las caracter\u00edsticas o los beneficios financieros de la propiedad.<\/li>\n<li>Osmer Hernandez Real State no es un contratista o tasador autorizado.<\/li>\n<li>El vendedor tiene un inter\u00e9s equitativo en esta propiedad y anuncia la venta de este inter\u00e9s.<\/li>\n<\/ol>\n<\/div>\n<\/div>\n<\/div>","protected":false},"excerpt":{"rendered":"<p>Disclaimer Buyers are to do their own independent due diligence. Properties are sold AS-IS with\u00a0NO INSPECTION PERIOD.\u00a0 Buyer is to pay\u00a0ALL\u00a0closing costs for Buyer and Seller. No representations written or oral are made concerning the properties above. All offers on properties require a\u00a0$5,000\u00a0non-refundable\u00a0earnest deposit on Cash Buyers and\u00a0$6,000\u00a0non-refundable\u00a0earnest deposit on Hard Money Buyer\u2019s.\u00a0\u00a0*Deposit varies based [&hellip;]<\/p>","protected":false},"author":1,"featured_media":0,"parent":0,"menu_order":0,"comment_status":"closed","ping_status":"closed","template":"","meta":{"_monsterinsights_skip_tracking":false,"_monsterinsights_sitenote_active":false,"_monsterinsights_sitenote_note":"","_monsterinsights_sitenote_category":0,"footnotes":""},"class_list":["post-745","page","type-page","status-publish","hentry"],"aioseo_notices":[],"aioseo_head":"\n\t\t<!-- All in One SEO Pro 4.5.3.1 - aioseo.com -->\n\t\t<meta name=\"description\" content=\"Disclaimer Buyers are to do their own independent due diligence. Properties are sold AS-IS with NO INSPECTION PERIOD. Buyer is to pay ALL closing costs for Buyer and Seller. No representations written or oral are made concerning the properties above. All offers on properties require a $5,000 non-refundable earnest deposit on Cash Buyers and $6,000 non-refundable earnest deposit on Hard Money Buyer\u2019s. *Deposit varies based\" \/>\n\t\t<meta name=\"robots\" content=\"max-image-preview:large\" \/>\n\t\t<link rel=\"canonical\" href=\"https:\/\/osmerhernandez.com\/es\/terms-and-conditions\/\" \/>\n\t\t<meta name=\"generator\" content=\"All in One SEO Pro (AIOSEO) 4.5.3.1\" \/>\n\t\t<meta property=\"og:locale\" content=\"es_ES\" \/>\n\t\t<meta property=\"og:site_name\" content=\"Osmer Hernandez Real State - Real State\" \/>\n\t\t<meta property=\"og:type\" content=\"article\" \/>\n\t\t<meta property=\"og:title\" content=\"Terms and Conditions - Osmer Hernandez Real State\" \/>\n\t\t<meta property=\"og:description\" content=\"Disclaimer Buyers are to do their own independent due diligence. Properties are sold AS-IS with NO INSPECTION PERIOD. Buyer is to pay ALL closing costs for Buyer and Seller. No representations written or oral are made concerning the properties above. All offers on properties require a $5,000 non-refundable earnest deposit on Cash Buyers and $6,000 non-refundable earnest deposit on Hard Money Buyer\u2019s. *Deposit varies based\" \/>\n\t\t<meta property=\"og:url\" content=\"https:\/\/osmerhernandez.com\/es\/terms-and-conditions\/\" \/>\n\t\t<meta property=\"og:image\" content=\"https:\/\/osmerhernandez.com\/wp-content\/uploads\/2022\/04\/2-2.jpg\" \/>\n\t\t<meta property=\"og:image:secure_url\" content=\"https:\/\/osmerhernandez.com\/wp-content\/uploads\/2022\/04\/2-2.jpg\" \/>\n\t\t<meta property=\"article:published_time\" content=\"2016-03-10T18:51:46+00:00\" \/>\n\t\t<meta property=\"article:modified_time\" content=\"2022-04-18T19:23:56+00:00\" \/>\n\t\t<meta name=\"twitter:card\" content=\"summary\" \/>\n\t\t<meta name=\"twitter:title\" content=\"Terms and Conditions - Osmer Hernandez Real State\" \/>\n\t\t<meta name=\"twitter:description\" content=\"Disclaimer Buyers are to do their own independent due diligence. Properties are sold AS-IS with NO INSPECTION PERIOD. Buyer is to pay ALL closing costs for Buyer and Seller. No representations written or oral are made concerning the properties above. All offers on properties require a $5,000 non-refundable earnest deposit on Cash Buyers and $6,000 non-refundable earnest deposit on Hard Money Buyer\u2019s. *Deposit varies based\" \/>\n\t\t<meta name=\"twitter:image\" content=\"https:\/\/osmerhernandez.com\/wp-content\/uploads\/2022\/04\/2-2.jpg\" \/>\n\t\t<script type=\"application\/ld+json\" class=\"aioseo-schema\">\n\t\t\t{\"@context\":\"https:\\\/\\\/schema.org\",\"@graph\":[{\"@type\":\"BreadcrumbList\",\"@id\":\"https:\\\/\\\/osmerhernandez.com\\\/es\\\/terms-and-conditions\\\/#breadcrumblist\",\"itemListElement\":[{\"@type\":\"ListItem\",\"@id\":\"https:\\\/\\\/osmerhernandez.com\\\/es\\\/#listItem\",\"position\":1,\"name\":\"Home\",\"item\":\"https:\\\/\\\/osmerhernandez.com\\\/es\\\/\",\"nextItem\":\"https:\\\/\\\/osmerhernandez.com\\\/es\\\/terms-and-conditions\\\/#listItem\"},{\"@type\":\"ListItem\",\"@id\":\"https:\\\/\\\/osmerhernandez.com\\\/es\\\/terms-and-conditions\\\/#listItem\",\"position\":2,\"name\":\"Terms and Conditions\",\"previousItem\":\"https:\\\/\\\/osmerhernandez.com\\\/es\\\/#listItem\"}]},{\"@type\":\"Organization\",\"@id\":\"https:\\\/\\\/osmerhernandez.com\\\/es\\\/#organization\",\"name\":\"Osmer Hernandez Real State\",\"url\":\"https:\\\/\\\/osmerhernandez.com\\\/es\\\/\",\"logo\":{\"@type\":\"ImageObject\",\"url\":\"https:\\\/\\\/osmerhernandez.com\\\/wp-content\\\/uploads\\\/2022\\\/04\\\/SOLO-pequeno-1.png\",\"@id\":\"https:\\\/\\\/osmerhernandez.com\\\/es\\\/terms-and-conditions\\\/#organizationLogo\"},\"image\":{\"@id\":\"https:\\\/\\\/osmerhernandez.com\\\/es\\\/#organizationLogo\"},\"contactPoint\":{\"@type\":\"ContactPoint\",\"telephone\":\"+17866097114\",\"contactType\":\"Customer Support\"}},{\"@type\":\"WebPage\",\"@id\":\"https:\\\/\\\/osmerhernandez.com\\\/es\\\/terms-and-conditions\\\/#webpage\",\"url\":\"https:\\\/\\\/osmerhernandez.com\\\/es\\\/terms-and-conditions\\\/\",\"name\":\"Terms and Conditions - Osmer Hernandez Real State\",\"description\":\"Disclaimer Buyers are to do their own independent due diligence. Properties are sold AS-IS with NO INSPECTION PERIOD. Buyer is to pay ALL closing costs for Buyer and Seller. No representations written or oral are made concerning the properties above. All offers on properties require a $5,000 non-refundable earnest deposit on Cash Buyers and $6,000 non-refundable earnest deposit on Hard Money Buyer\\u2019s. *Deposit varies based\",\"inLanguage\":\"es-ES\",\"isPartOf\":{\"@id\":\"https:\\\/\\\/osmerhernandez.com\\\/es\\\/#website\"},\"breadcrumb\":{\"@id\":\"https:\\\/\\\/osmerhernandez.com\\\/es\\\/terms-and-conditions\\\/#breadcrumblist\"},\"datePublished\":\"2016-03-10T18:51:46+00:00\",\"dateModified\":\"2022-04-18T19:23:56+00:00\"},{\"@type\":\"WebSite\",\"@id\":\"https:\\\/\\\/osmerhernandez.com\\\/es\\\/#website\",\"url\":\"https:\\\/\\\/osmerhernandez.com\\\/es\\\/\",\"name\":\"Osmer Hernandez Real State\",\"description\":\"Real State\",\"inLanguage\":\"es-ES\",\"publisher\":{\"@id\":\"https:\\\/\\\/osmerhernandez.com\\\/es\\\/#organization\"}}]}\n\t\t<\/script>\n\t\t<!-- All in One SEO Pro -->\r\n\t\t<title>Terms and Conditions - Osmer Hernandez Real State<\/title>\n\n","aioseo_head_json":{"title":"Terms and Conditions - Osmer Hernandez Real State","description":"Disclaimer Buyers are to do their own independent due diligence. Properties are sold AS-IS with NO INSPECTION PERIOD. Buyer is to pay ALL closing costs for Buyer and Seller. No representations written or oral are made concerning the properties above. All offers on properties require a $5,000 non-refundable earnest deposit on Cash Buyers and $6,000 non-refundable earnest deposit on Hard Money Buyer\u2019s. *Deposit varies based","canonical_url":"https:\/\/osmerhernandez.com\/es\/terms-and-conditions\/","robots":"max-image-preview:large","keywords":"","webmasterTools":{"miscellaneous":""},"og:locale":"es_ES","og:site_name":"Osmer Hernandez Real State - Real State","og:type":"article","og:title":"Terms and Conditions - Osmer Hernandez Real State","og:description":"Disclaimer Buyers are to do their own independent due diligence. Properties are sold AS-IS with NO INSPECTION PERIOD. Buyer is to pay ALL closing costs for Buyer and Seller. No representations written or oral are made concerning the properties above. All offers on properties require a $5,000 non-refundable earnest deposit on Cash Buyers and $6,000 non-refundable earnest deposit on Hard Money Buyer\u2019s. *Deposit varies based","og:url":"https:\/\/osmerhernandez.com\/es\/terms-and-conditions\/","og:image":"https:\/\/osmerhernandez.com\/wp-content\/uploads\/2022\/04\/2-2.jpg","og:image:secure_url":"https:\/\/osmerhernandez.com\/wp-content\/uploads\/2022\/04\/2-2.jpg","article:published_time":"2016-03-10T18:51:46+00:00","article:modified_time":"2022-04-18T19:23:56+00:00","twitter:card":"summary","twitter:title":"Terms and Conditions - Osmer Hernandez Real State","twitter:description":"Disclaimer Buyers are to do their own independent due diligence. Properties are sold AS-IS with NO INSPECTION PERIOD. Buyer is to pay ALL closing costs for Buyer and Seller. No representations written or oral are made concerning the properties above. All offers on properties require a $5,000 non-refundable earnest deposit on Cash Buyers and $6,000 non-refundable earnest deposit on Hard Money Buyer\u2019s. *Deposit varies based","twitter:image":"https:\/\/osmerhernandez.com\/wp-content\/uploads\/2022\/04\/2-2.jpg","schema":{"@context":"https:\/\/schema.org","@graph":[{"@type":"BreadcrumbList","@id":"https:\/\/osmerhernandez.com\/es\/terms-and-conditions\/#breadcrumblist","itemListElement":[{"@type":"ListItem","@id":"https:\/\/osmerhernandez.com\/es\/#listItem","position":1,"name":"Home","item":"https:\/\/osmerhernandez.com\/es\/","nextItem":"https:\/\/osmerhernandez.com\/es\/terms-and-conditions\/#listItem"},{"@type":"ListItem","@id":"https:\/\/osmerhernandez.com\/es\/terms-and-conditions\/#listItem","position":2,"name":"Terms and Conditions","previousItem":"https:\/\/osmerhernandez.com\/es\/#listItem"}]},{"@type":"Organization","@id":"https:\/\/osmerhernandez.com\/es\/#organization","name":"Osmer Hernandez Real State","url":"https:\/\/osmerhernandez.com\/es\/","logo":{"@type":"ImageObject","url":"https:\/\/osmerhernandez.com\/wp-content\/uploads\/2022\/04\/SOLO-pequeno-1.png","@id":"https:\/\/osmerhernandez.com\/es\/terms-and-conditions\/#organizationLogo"},"image":{"@id":"https:\/\/osmerhernandez.com\/es\/#organizationLogo"},"contactPoint":{"@type":"ContactPoint","telephone":"+17866097114","contactType":"Customer Support"}},{"@type":"WebPage","@id":"https:\/\/osmerhernandez.com\/es\/terms-and-conditions\/#webpage","url":"https:\/\/osmerhernandez.com\/es\/terms-and-conditions\/","name":"Terms and Conditions - Osmer Hernandez Real State","description":"Disclaimer Buyers are to do their own independent due diligence. Properties are sold AS-IS with NO INSPECTION PERIOD. Buyer is to pay ALL closing costs for Buyer and Seller. No representations written or oral are made concerning the properties above. All offers on properties require a $5,000 non-refundable earnest deposit on Cash Buyers and $6,000 non-refundable earnest deposit on Hard Money Buyer\u2019s. *Deposit varies based","inLanguage":"es-ES","isPartOf":{"@id":"https:\/\/osmerhernandez.com\/es\/#website"},"breadcrumb":{"@id":"https:\/\/osmerhernandez.com\/es\/terms-and-conditions\/#breadcrumblist"},"datePublished":"2016-03-10T18:51:46+00:00","dateModified":"2022-04-18T19:23:56+00:00"},{"@type":"WebSite","@id":"https:\/\/osmerhernandez.com\/es\/#website","url":"https:\/\/osmerhernandez.com\/es\/","name":"Osmer Hernandez Real State","description":"Real State","inLanguage":"es-ES","publisher":{"@id":"https:\/\/osmerhernandez.com\/es\/#organization"}}]}},"aioseo_meta_data":{"post_id":"745","title":null,"description":null,"keywords":null,"keyphrases":null,"primary_term":null,"canonical_url":null,"og_title":null,"og_description":null,"og_object_type":"default","og_image_type":"default","og_image_url":null,"og_image_width":null,"og_image_height":null,"og_image_custom_url":null,"og_image_custom_fields":null,"og_video":null,"og_custom_url":null,"og_article_section":null,"og_article_tags":null,"twitter_use_og":false,"twitter_card":"default","twitter_image_type":"default","twitter_image_url":null,"twitter_image_custom_url":null,"twitter_image_custom_fields":null,"twitter_title":null,"twitter_description":null,"schema":{"blockGraphs":[],"customGraphs":[],"default":{"data":{"Article":[],"Course":[],"Dataset":[],"FAQPage":[],"Movie":[],"Person":[],"Product":[],"Recipe":[],"Service":[],"SoftwareApplication":[],"WebPage":[]},"graphName":"WebPage","isEnabled":true},"graphs":[]},"schema_type":"default","schema_type_options":null,"pillar_content":false,"robots_default":true,"robots_noindex":false,"robots_noarchive":false,"robots_nosnippet":false,"robots_nofollow":false,"robots_noimageindex":false,"robots_noodp":false,"robots_notranslate":false,"robots_max_snippet":null,"robots_max_videopreview":null,"robots_max_imagepreview":"large","priority":null,"frequency":null,"local_seo":null,"limit_modified_date":false,"created":"2022-04-22 12:10:19","updated":"2024-01-15 16:33:23"},"aioseo_breadcrumb":"<div class=\"aioseo-breadcrumbs\"><span class=\"aioseo-breadcrumb\">\n\t<a href=\"https:\/\/osmerhernandez.com\/es\/\" title=\"Home\">Home<\/a>\n<\/span><span class=\"aioseo-breadcrumb-separator\">&raquo;<\/span><span class=\"aioseo-breadcrumb\">\n\tTerms and Conditions\n<\/span><\/div>","aioseo_breadcrumb_json":[{"label":"Home","link":"https:\/\/osmerhernandez.com\/es\/"},{"label":"Terms and Conditions","link":"https:\/\/osmerhernandez.com\/es\/terms-and-conditions\/"}],"_links":{"self":[{"href":"https:\/\/osmerhernandez.com\/es\/wp-json\/wp\/v2\/pages\/745","targetHints":{"allow":["GET"]}}],"collection":[{"href":"https:\/\/osmerhernandez.com\/es\/wp-json\/wp\/v2\/pages"}],"about":[{"href":"https:\/\/osmerhernandez.com\/es\/wp-json\/wp\/v2\/types\/page"}],"author":[{"embeddable":true,"href":"https:\/\/osmerhernandez.com\/es\/wp-json\/wp\/v2\/users\/1"}],"replies":[{"embeddable":true,"href":"https:\/\/osmerhernandez.com\/es\/wp-json\/wp\/v2\/comments?post=745"}],"version-history":[{"count":0,"href":"https:\/\/osmerhernandez.com\/es\/wp-json\/wp\/v2\/pages\/745\/revisions"}],"wp:attachment":[{"href":"https:\/\/osmerhernandez.com\/es\/wp-json\/wp\/v2\/media?parent=745"}],"curies":[{"name":"wp","href":"https:\/\/api.w.org\/{rel}","templated":true}]}}