{"id":16650,"date":"2020-02-24T22:15:15","date_gmt":"2020-02-24T22:15:15","guid":{"rendered":"https:\/\/demo01.houzez.co\/?page_id=16650"},"modified":"2022-04-15T22:39:23","modified_gmt":"2022-04-15T22:39:23","slug":"about","status":"publish","type":"page","link":"https:\/\/osmerhernandez.com\/es\/about\/","title":{"rendered":"Acerca de"},"content":{"rendered":"<div data-elementor-type=\"wp-page\" data-elementor-id=\"16650\" class=\"elementor elementor-16650\" data-elementor-post-type=\"page\">\n\t\t\t\t\t\t\t\t\t<section data-exad-particle-enable=\"false\" class=\"elementor-section elementor-top-section elementor-element elementor-element-5b81e21 elementor-section-height-min-height animated-slow elementor-section-boxed elementor-section-height-default elementor-section-items-middle exad-parallax-effect-no exad-background-color-change-no exad-glass-effect-no wpr-particle-no wpr-jarallax-no wpr-parallax-no wpr-sticky-section-no exad-sticky-section-no elementor-invisible\" data-id=\"5b81e21\" data-element_type=\"section\" data-settings=\"{&quot;background_background&quot;:&quot;classic&quot;,&quot;animation&quot;:&quot;fadeIn&quot;}\">\n\t\t\t\t\t\t\t<div class=\"elementor-background-overlay\"><\/div>\n\t\t\t\t\t\t\t<div class=\"elementor-container elementor-column-gap-default\">\n\t\t\t\t\t<div class=\"elementor-column elementor-col-100 elementor-top-column elementor-element elementor-element-ad367f8 exad-glass-effect-no exad-sticky-section-no\" data-id=\"ad367f8\" data-element_type=\"column\">\n\t\t\t<div class=\"elementor-widget-wrap elementor-element-populated\">\n\t\t\t\t\t\t\t\t<div class=\"elementor-element elementor-element-0e7939f exad-sticky-section-no exad-glass-effect-no elementor-widget elementor-widget-heading\" data-id=\"0e7939f\" data-element_type=\"widget\" data-widget_type=\"heading.default\">\n\t\t\t\t<div class=\"elementor-widget-container\">\n\t\t\t<style>\/*! elementor - v3.18.0 - 20-12-2023 *\/\n.elementor-heading-title{padding:0;margin:0;line-height:1}.elementor-widget-heading .elementor-heading-title[class*=elementor-size-]>a{color:inherit;font-size:inherit;line-height:inherit}.elementor-widget-heading .elementor-heading-title.elementor-size-small{font-size:15px}.elementor-widget-heading .elementor-heading-title.elementor-size-medium{font-size:19px}.elementor-widget-heading .elementor-heading-title.elementor-size-large{font-size:29px}.elementor-widget-heading .elementor-heading-title.elementor-size-xl{font-size:39px}.elementor-widget-heading .elementor-heading-title.elementor-size-xxl{font-size:59px}<\/style><h1 class=\"elementor-heading-title elementor-size-default\">Sobre nosotros<\/h1>\t\t<\/div>\n\t\t\t\t<\/div>\n\t\t\t\t\t<\/div>\n\t\t<\/div>\n\t\t\t\t\t\t\t<\/div>\n\t\t<\/section>\n\t\t\t\t<section data-exad-particle-enable=\"false\" class=\"elementor-section elementor-top-section elementor-element elementor-element-09038dc elementor-section-boxed elementor-section-height-default elementor-section-height-default exad-parallax-effect-no exad-background-color-change-no exad-glass-effect-no wpr-particle-no wpr-jarallax-no wpr-parallax-no wpr-sticky-section-no exad-sticky-section-no\" data-id=\"09038dc\" data-element_type=\"section\" data-settings=\"{&quot;background_background&quot;:&quot;classic&quot;}\">\n\t\t\t\t\t\t<div class=\"elementor-container elementor-column-gap-default\">\n\t\t\t\t\t<div class=\"elementor-column elementor-col-100 elementor-top-column elementor-element elementor-element-c8278ac exad-glass-effect-no exad-sticky-section-no\" data-id=\"c8278ac\" data-element_type=\"column\">\n\t\t\t<div class=\"elementor-widget-wrap elementor-element-populated\">\n\t\t\t\t\t\t\t\t<div class=\"elementor-element elementor-element-3271868 exad-sticky-section-no exad-glass-effect-no elementor-widget elementor-widget-spacer\" data-id=\"3271868\" data-element_type=\"widget\" data-widget_type=\"spacer.default\">\n\t\t\t\t<div class=\"elementor-widget-container\">\n\t\t\t<style>\/*! elementor - v3.18.0 - 20-12-2023 *\/\n.elementor-column .elementor-spacer-inner{height:var(--spacer-size)}.e-con{--container-widget-width:100%}.e-con-inner>.elementor-widget-spacer,.e-con>.elementor-widget-spacer{width:var(--container-widget-width,var(--spacer-size));--align-self:var(--container-widget-align-self,initial);--flex-shrink:0}.e-con-inner>.elementor-widget-spacer>.elementor-widget-container,.e-con>.elementor-widget-spacer>.elementor-widget-container{height:100%;width:100%}.e-con-inner>.elementor-widget-spacer>.elementor-widget-container>.elementor-spacer,.e-con>.elementor-widget-spacer>.elementor-widget-container>.elementor-spacer{height:100%}.e-con-inner>.elementor-widget-spacer>.elementor-widget-container>.elementor-spacer>.elementor-spacer-inner,.e-con>.elementor-widget-spacer>.elementor-widget-container>.elementor-spacer>.elementor-spacer-inner{height:var(--container-widget-height,var(--spacer-size))}.e-con-inner>.elementor-widget-spacer.elementor-widget-empty,.e-con>.elementor-widget-spacer.elementor-widget-empty{position:relative;min-height:22px;min-width:22px}.e-con-inner>.elementor-widget-spacer.elementor-widget-empty .elementor-widget-empty-icon,.e-con>.elementor-widget-spacer.elementor-widget-empty .elementor-widget-empty-icon{position:absolute;top:0;bottom:0;left:0;right:0;margin:auto;padding:0;width:22px;height:22px}<\/style>\t\t<div class=\"elementor-spacer\">\n\t\t\t<div class=\"elementor-spacer-inner\"><\/div>\n\t\t<\/div>\n\t\t\t\t<\/div>\n\t\t\t\t<\/div>\n\t\t\t\t<div class=\"elementor-element elementor-element-e7372b6 animated-slow exad-sticky-section-no exad-glass-effect-no elementor-invisible elementor-widget elementor-widget-houzez_elementor_section_title\" data-id=\"e7372b6\" data-element_type=\"widget\" data-settings=\"{&quot;_animation&quot;:&quot;fadeIn&quot;}\" data-widget_type=\"houzez_elementor_section_title.default\">\n\t\t\t\t<div class=\"elementor-widget-container\">\n\t\t\t            <div class=\"houzez_section_title_wrap section-title-module\">\n                                    <h2 class=\"houzez_section_title\">Lo m\u00e1s importante para nosotros<\/h2>\n                \n                            <\/div>\n            \t\t<\/div>\n\t\t\t\t<\/div>\n\t\t\t\t<div class=\"elementor-element elementor-element-69fe9b8 exad-sticky-section-no exad-glass-effect-no elementor-widget elementor-widget-text-editor\" data-id=\"69fe9b8\" data-element_type=\"widget\" data-widget_type=\"text-editor.default\">\n\t\t\t\t<div class=\"elementor-widget-container\">\n\t\t\t<style>\/*! elementor - v3.18.0 - 20-12-2023 *\/\n.elementor-widget-text-editor.elementor-drop-cap-view-stacked .elementor-drop-cap{background-color:#69727d;color:#fff}.elementor-widget-text-editor.elementor-drop-cap-view-framed .elementor-drop-cap{color:#69727d;border:3px solid;background-color:transparent}.elementor-widget-text-editor:not(.elementor-drop-cap-view-default) .elementor-drop-cap{margin-top:8px}.elementor-widget-text-editor:not(.elementor-drop-cap-view-default) .elementor-drop-cap-letter{width:1em;height:1em}.elementor-widget-text-editor .elementor-drop-cap{float:left;text-align:center;line-height:1;font-size:50px}.elementor-widget-text-editor .elementor-drop-cap-letter{display:inline-block}<\/style>\t\t\t\t<p>Nuestro prop\u00f3sito es anteponer las necesidades de nuestros clientes a las nuestras y brindar el mayor grado de autenticidad y competencia posible, honrando as\u00ed a Dios.<\/p><p>Nuestro principal objetivo es ser una genuina Compa\u00f1\u00eda de Inversi\u00f3n en Bienes Ra\u00edces que constantemente brinde un excelente servicio al cliente. Cada decisi\u00f3n que tomamos se basa en el bienestar de nuestros consumidores.<\/p>\t\t\t\t\t\t<\/div>\n\t\t\t\t<\/div>\n\t\t\t\t<div class=\"elementor-element elementor-element-89a95a6 exad-sticky-section-no exad-glass-effect-no elementor-widget elementor-widget-spacer\" data-id=\"89a95a6\" data-element_type=\"widget\" data-widget_type=\"spacer.default\">\n\t\t\t\t<div class=\"elementor-widget-container\">\n\t\t\t\t\t<div class=\"elementor-spacer\">\n\t\t\t<div class=\"elementor-spacer-inner\"><\/div>\n\t\t<\/div>\n\t\t\t\t<\/div>\n\t\t\t\t<\/div>\n\t\t\t\t<div class=\"elementor-element elementor-element-02b8185 exad-sticky-section-no exad-glass-effect-no elementor-widget elementor-widget-houzez_elementor_agents\" data-id=\"02b8185\" data-element_type=\"widget\" data-widget_type=\"houzez_elementor_agents.default\">\n\t\t\t\t<div class=\"elementor-widget-container\">\n\t\t\t\n        <!--start agents module-->\n        \n            <div class=\"agent-module module-3cols clearfix\">\n\n                <div class=\"agent-item\">\n\t<div class=\"agent-thumb\">\n\t\t<a href=\"https:\/\/osmerhernandez.com\/es\/agent\/osmer-hernandez\/\">\n\t\t\t<img decoding=\"async\" width=\"150\" height=\"150\" src=\"https:\/\/osmerhernandez.com\/wp-content\/uploads\/2022\/04\/Tio-Mejorada-2-150x150.jpg\" class=\"img-fluid rounded-circle wp-post-image\" alt=\"\" srcset=\"\/\/osmerhernandez.com\/wp-content\/uploads\/2022\/04\/Tio-Mejorada-2-150x150.jpg 150w, \/\/osmerhernandez.com\/wp-content\/uploads\/2022\/04\/Tio-Mejorada-2-300x300.jpg 300w, \/\/osmerhernandez.com\/wp-content\/uploads\/2022\/04\/Tio-Mejorada-2-1024x1024.jpg 1024w, \/\/osmerhernandez.com\/wp-content\/uploads\/2022\/04\/Tio-Mejorada-2-768x768.jpg 768w, \/\/osmerhernandez.com\/wp-content\/uploads\/2022\/04\/Tio-Mejorada-2-600x600.jpg 600w, \/\/osmerhernandez.com\/wp-content\/uploads\/2022\/04\/Tio-Mejorada-2-496x496.jpg 496w, \/\/osmerhernandez.com\/wp-content\/uploads\/2022\/04\/Tio-Mejorada-2.jpg 1460w\" sizes=\"(max-width: 150px) 100vw, 150px\" \/>\t\t<\/a>\n\t<\/div>\n\n\t<div class=\"agent-info\">\n\t\t<div class=\"agent-name\">\n\t\t\t<a href=\"https:\/\/osmerhernandez.com\/es\/agent\/osmer-hernandez\/\"><strong>osmer hernandez<\/strong><\/a>\n\t\t<\/div>\n\n\t\t<div class=\"agent-company\">\n\t\t\t                Agente Inmobiliario , Osmer Hernandez Inmobiliaria\n                            \t\t<\/div>\n\t<\/div>\n\t<div class=\"agent-body\">\n\t\tSoy un agente de bienes ra\u00edces con sede en Florida Central que brinda servicios profesionales, oportunos y atentos...\t<\/div>\n\t<div class=\"agent-link\">\n\t\t<a href=\"https:\/\/osmerhernandez.com\/es\/agent\/osmer-hernandez\/\">Ver perfil<\/a>\n\t<\/div>\n<\/div>            <\/div><!-- agent-module -->\n\n                <!--end post agents module-->\n\n\n        \t\t<\/div>\n\t\t\t\t<\/div>\n\t\t\t\t\t<\/div>\n\t\t<\/div>\n\t\t\t\t\t\t\t<\/div>\n\t\t<\/section>\n\t\t\t\t\t\t\t<\/div>","protected":false},"excerpt":{"rendered":"<p>Acerca de nosotros Lo m\u00e1s importante para nosotros Nuestro prop\u00f3sito es anteponer las necesidades de nuestros clientes a las nuestras y brindar el mayor grado de autenticidad y competencia posible, honrando as\u00ed a Dios. Nuestro principal objetivo es ser una genuina Compa\u00f1\u00eda de Inversi\u00f3n en Bienes Ra\u00edces que constantemente brinde un excelente servicio al cliente. Cada decisi\u00f3n que [\u2026]<\/p>","protected":false},"author":1,"featured_media":0,"parent":0,"menu_order":0,"comment_status":"closed","ping_status":"closed","template":"template\/template-homepage.php","meta":{"_monsterinsights_skip_tracking":false,"_monsterinsights_sitenote_active":false,"_monsterinsights_sitenote_note":"","_monsterinsights_sitenote_category":0,"footnotes":""},"class_list":["post-16650","page","type-page","status-publish","hentry"],"aioseo_notices":[],"aioseo_head":"\n\t\t<!-- All in One SEO Pro 4.5.3.1 - aioseo.com -->\n\t\t<meta name=\"description\" content=\"I am a Central Florida-based real estate agent who provides professional, timely, and attentive real estate services to home buyers and sellers. Do you want an agent that actually listens to what you want in a house? Do you require the services of a real estate agent that understands how to successfully advertise your house\" \/>\n\t\t<meta name=\"robots\" content=\"max-image-preview:large\" \/>\n\t\t<link rel=\"canonical\" href=\"https:\/\/osmerhernandez.com\/es\/agent\/osmer-hernandez\/\" \/>\n\t\t<meta name=\"generator\" content=\"All in One SEO Pro (AIOSEO) 4.5.3.1\" \/>\n\t\t<meta property=\"og:locale\" content=\"es_ES\" \/>\n\t\t<meta property=\"og:site_name\" content=\"Osmer Hernandez Real State - Real State\" \/>\n\t\t<meta property=\"og:type\" content=\"article\" \/>\n\t\t<meta property=\"og:title\" content=\"Osmer Hernandez - Osmer Hernandez Real State\" \/>\n\t\t<meta property=\"og:description\" content=\"I am a Central Florida-based real estate agent who provides professional, timely, and attentive real estate services to home buyers and sellers. Do you want an agent that actually listens to what you want in a house? Do you require the services of a real estate agent that understands how to successfully advertise your house\" \/>\n\t\t<meta property=\"og:url\" content=\"https:\/\/osmerhernandez.com\/es\/agent\/osmer-hernandez\/\" \/>\n\t\t<meta property=\"og:image\" content=\"https:\/\/osmerhernandez.com\/wp-content\/uploads\/2022\/04\/2-2.jpg\" \/>\n\t\t<meta property=\"og:image:secure_url\" content=\"https:\/\/osmerhernandez.com\/wp-content\/uploads\/2022\/04\/2-2.jpg\" \/>\n\t\t<meta property=\"article:published_time\" content=\"2022-04-15T03:36:49+00:00\" \/>\n\t\t<meta property=\"article:modified_time\" content=\"2022-04-18T21:52:56+00:00\" \/>\n\t\t<meta name=\"twitter:card\" content=\"summary\" \/>\n\t\t<meta name=\"twitter:title\" content=\"Osmer Hernandez - Osmer Hernandez Real State\" \/>\n\t\t<meta name=\"twitter:description\" content=\"I am a Central Florida-based real estate agent who provides professional, timely, and attentive real estate services to home buyers and sellers. Do you want an agent that actually listens to what you want in a house? Do you require the services of a real estate agent that understands how to successfully advertise your house\" \/>\n\t\t<meta name=\"twitter:image\" content=\"https:\/\/osmerhernandez.com\/wp-content\/uploads\/2022\/04\/2-2.jpg\" \/>\n\t\t<script type=\"application\/ld+json\" class=\"aioseo-schema\">\n\t\t\t{\"@context\":\"https:\\\/\\\/schema.org\",\"@graph\":[{\"@type\":\"BreadcrumbList\",\"@id\":\"https:\\\/\\\/osmerhernandez.com\\\/es\\\/agent\\\/osmer-hernandez\\\/#breadcrumblist\",\"itemListElement\":[{\"@type\":\"ListItem\",\"@id\":\"https:\\\/\\\/osmerhernandez.com\\\/es\\\/#listItem\",\"position\":1,\"name\":\"Home\",\"item\":\"https:\\\/\\\/osmerhernandez.com\\\/es\\\/\",\"nextItem\":\"https:\\\/\\\/osmerhernandez.com\\\/es\\\/agent\\\/osmer-hernandez\\\/#listItem\"},{\"@type\":\"ListItem\",\"@id\":\"https:\\\/\\\/osmerhernandez.com\\\/es\\\/agent\\\/osmer-hernandez\\\/#listItem\",\"position\":2,\"name\":\"Osmer Hernandez\",\"previousItem\":\"https:\\\/\\\/osmerhernandez.com\\\/es\\\/#listItem\"}]},{\"@type\":\"Organization\",\"@id\":\"https:\\\/\\\/osmerhernandez.com\\\/es\\\/#organization\",\"name\":\"Osmer Hernandez Real State\",\"url\":\"https:\\\/\\\/osmerhernandez.com\\\/es\\\/\",\"logo\":{\"@type\":\"ImageObject\",\"url\":\"https:\\\/\\\/osmerhernandez.com\\\/wp-content\\\/uploads\\\/2022\\\/04\\\/SOLO-pequeno-1.png\",\"@id\":\"https:\\\/\\\/osmerhernandez.com\\\/es\\\/agent\\\/osmer-hernandez\\\/#organizationLogo\"},\"image\":{\"@id\":\"https:\\\/\\\/osmerhernandez.com\\\/es\\\/#organizationLogo\"},\"contactPoint\":{\"@type\":\"ContactPoint\",\"telephone\":\"+17866097114\",\"contactType\":\"Customer Support\"}},{\"@type\":\"WebPage\",\"@id\":\"https:\\\/\\\/osmerhernandez.com\\\/es\\\/agent\\\/osmer-hernandez\\\/#webpage\",\"url\":\"https:\\\/\\\/osmerhernandez.com\\\/es\\\/agent\\\/osmer-hernandez\\\/\",\"name\":\"Osmer Hernandez - Osmer Hernandez Real State\",\"description\":\"I am a Central Florida-based real estate agent who provides professional, timely, and attentive real estate services to home buyers and sellers. Do you want an agent that actually listens to what you want in a house? Do you require the services of a real estate agent that understands how to successfully advertise your house\",\"inLanguage\":\"es-ES\",\"isPartOf\":{\"@id\":\"https:\\\/\\\/osmerhernandez.com\\\/es\\\/#website\"},\"breadcrumb\":{\"@id\":\"https:\\\/\\\/osmerhernandez.com\\\/es\\\/agent\\\/osmer-hernandez\\\/#breadcrumblist\"},\"image\":{\"@type\":\"ImageObject\",\"url\":\"https:\\\/\\\/osmerhernandez.com\\\/wp-content\\\/uploads\\\/2022\\\/04\\\/Tio-Mejorada-2.jpg\",\"@id\":\"https:\\\/\\\/osmerhernandez.com\\\/es\\\/agent\\\/osmer-hernandez\\\/#mainImage\",\"width\":1460,\"height\":1460},\"primaryImageOfPage\":{\"@id\":\"https:\\\/\\\/osmerhernandez.com\\\/es\\\/agent\\\/osmer-hernandez\\\/#mainImage\"},\"datePublished\":\"2022-04-15T03:36:49+00:00\",\"dateModified\":\"2022-04-18T21:52:56+00:00\"},{\"@type\":\"WebSite\",\"@id\":\"https:\\\/\\\/osmerhernandez.com\\\/es\\\/#website\",\"url\":\"https:\\\/\\\/osmerhernandez.com\\\/es\\\/\",\"name\":\"Osmer Hernandez Real State\",\"description\":\"Real State\",\"inLanguage\":\"es-ES\",\"publisher\":{\"@id\":\"https:\\\/\\\/osmerhernandez.com\\\/es\\\/#organization\"}}]}\n\t\t<\/script>\n\t\t<!-- All in One SEO Pro -->\r\n\t\t<title>Osmer Hernandez - Osmer Hernandez Real State<\/title>\n\n","aioseo_head_json":{"title":"Osmer Hernandez - Osmer Hernandez Real State","description":"I am a Central Florida-based real estate agent who provides professional, timely, and attentive real estate services to home buyers and sellers. Do you want an agent that actually listens to what you want in a house? Do you require the services of a real estate agent that understands how to successfully advertise your house","canonical_url":"https:\/\/osmerhernandez.com\/es\/agent\/osmer-hernandez\/","robots":"max-image-preview:large","keywords":"","webmasterTools":{"miscellaneous":""},"og:locale":"es_ES","og:site_name":"Osmer Hernandez Real State - Real State","og:type":"article","og:title":"Osmer Hernandez - Osmer Hernandez Real State","og:description":"I am a Central Florida-based real estate agent who provides professional, timely, and attentive real estate services to home buyers and sellers. Do you want an agent that actually listens to what you want in a house? Do you require the services of a real estate agent that understands how to successfully advertise your house","og:url":"https:\/\/osmerhernandez.com\/es\/agent\/osmer-hernandez\/","og:image":"https:\/\/osmerhernandez.com\/wp-content\/uploads\/2022\/04\/2-2.jpg","og:image:secure_url":"https:\/\/osmerhernandez.com\/wp-content\/uploads\/2022\/04\/2-2.jpg","article:published_time":"2022-04-15T03:36:49+00:00","article:modified_time":"2022-04-18T21:52:56+00:00","twitter:card":"summary","twitter:title":"Osmer Hernandez - Osmer Hernandez Real State","twitter:description":"I am a Central Florida-based real estate agent who provides professional, timely, and attentive real estate services to home buyers and sellers. Do you want an agent that actually listens to what you want in a house? Do you require the services of a real estate agent that understands how to successfully advertise your house","twitter:image":"https:\/\/osmerhernandez.com\/wp-content\/uploads\/2022\/04\/2-2.jpg","schema":{"@context":"https:\/\/schema.org","@graph":[{"@type":"BreadcrumbList","@id":"https:\/\/osmerhernandez.com\/es\/agent\/osmer-hernandez\/#breadcrumblist","itemListElement":[{"@type":"ListItem","@id":"https:\/\/osmerhernandez.com\/es\/#listItem","position":1,"name":"Home","item":"https:\/\/osmerhernandez.com\/es\/","nextItem":"https:\/\/osmerhernandez.com\/es\/agent\/osmer-hernandez\/#listItem"},{"@type":"ListItem","@id":"https:\/\/osmerhernandez.com\/es\/agent\/osmer-hernandez\/#listItem","position":2,"name":"Osmer Hernandez","previousItem":"https:\/\/osmerhernandez.com\/es\/#listItem"}]},{"@type":"Organization","@id":"https:\/\/osmerhernandez.com\/es\/#organization","name":"Osmer Hernandez Real State","url":"https:\/\/osmerhernandez.com\/es\/","logo":{"@type":"ImageObject","url":"https:\/\/osmerhernandez.com\/wp-content\/uploads\/2022\/04\/SOLO-pequeno-1.png","@id":"https:\/\/osmerhernandez.com\/es\/agent\/osmer-hernandez\/#organizationLogo"},"image":{"@id":"https:\/\/osmerhernandez.com\/es\/#organizationLogo"},"contactPoint":{"@type":"ContactPoint","telephone":"+17866097114","contactType":"Customer Support"}},{"@type":"WebPage","@id":"https:\/\/osmerhernandez.com\/es\/agent\/osmer-hernandez\/#webpage","url":"https:\/\/osmerhernandez.com\/es\/agent\/osmer-hernandez\/","name":"Osmer Hernandez - Osmer Hernandez Real State","description":"I am a Central Florida-based real estate agent who provides professional, timely, and attentive real estate services to home buyers and sellers. Do you want an agent that actually listens to what you want in a house? Do you require the services of a real estate agent that understands how to successfully advertise your house","inLanguage":"es-ES","isPartOf":{"@id":"https:\/\/osmerhernandez.com\/es\/#website"},"breadcrumb":{"@id":"https:\/\/osmerhernandez.com\/es\/agent\/osmer-hernandez\/#breadcrumblist"},"image":{"@type":"ImageObject","url":"https:\/\/osmerhernandez.com\/wp-content\/uploads\/2022\/04\/Tio-Mejorada-2.jpg","@id":"https:\/\/osmerhernandez.com\/es\/agent\/osmer-hernandez\/#mainImage","width":1460,"height":1460},"primaryImageOfPage":{"@id":"https:\/\/osmerhernandez.com\/es\/agent\/osmer-hernandez\/#mainImage"},"datePublished":"2022-04-15T03:36:49+00:00","dateModified":"2022-04-18T21:52:56+00:00"},{"@type":"WebSite","@id":"https:\/\/osmerhernandez.com\/es\/#website","url":"https:\/\/osmerhernandez.com\/es\/","name":"Osmer Hernandez Real State","description":"Real State","inLanguage":"es-ES","publisher":{"@id":"https:\/\/osmerhernandez.com\/es\/#organization"}}]}},"aioseo_meta_data":{"post_id":"16650","title":null,"description":null,"keywords":null,"keyphrases":null,"primary_term":null,"canonical_url":null,"og_title":null,"og_description":null,"og_object_type":"default","og_image_type":"default","og_image_url":null,"og_image_width":null,"og_image_height":null,"og_image_custom_url":null,"og_image_custom_fields":null,"og_video":null,"og_custom_url":null,"og_article_section":null,"og_article_tags":null,"twitter_use_og":false,"twitter_card":"default","twitter_image_type":"default","twitter_image_url":null,"twitter_image_custom_url":null,"twitter_image_custom_fields":null,"twitter_title":null,"twitter_description":null,"schema":{"blockGraphs":[],"customGraphs":[],"default":{"data":{"Article":[],"Course":[],"Dataset":[],"FAQPage":[],"Movie":[],"Person":[],"Product":[],"Recipe":[],"Service":[],"SoftwareApplication":[],"WebPage":[]},"graphName":"WebPage","isEnabled":true},"graphs":[]},"schema_type":"default","schema_type_options":null,"pillar_content":false,"robots_default":true,"robots_noindex":false,"robots_noarchive":false,"robots_nosnippet":false,"robots_nofollow":false,"robots_noimageindex":false,"robots_noodp":false,"robots_notranslate":false,"robots_max_snippet":null,"robots_max_videopreview":null,"robots_max_imagepreview":"large","priority":null,"frequency":null,"local_seo":null,"limit_modified_date":false,"created":"2022-04-22 12:11:15","updated":"2024-01-15 16:33:31"},"aioseo_breadcrumb":"<div class=\"aioseo-breadcrumbs\"><span class=\"aioseo-breadcrumb\">\n\t<a href=\"https:\/\/osmerhernandez.com\/es\/\" title=\"Home\">Home<\/a>\n<\/span><span class=\"aioseo-breadcrumb-separator\">&raquo;<\/span><span class=\"aioseo-breadcrumb\">\n\tAbout\n<\/span><\/div>","aioseo_breadcrumb_json":[{"label":"Home","link":"https:\/\/osmerhernandez.com\/es\/"},{"label":"About","link":"https:\/\/osmerhernandez.com\/es\/about\/"}],"_links":{"self":[{"href":"https:\/\/osmerhernandez.com\/es\/wp-json\/wp\/v2\/pages\/16650","targetHints":{"allow":["GET"]}}],"collection":[{"href":"https:\/\/osmerhernandez.com\/es\/wp-json\/wp\/v2\/pages"}],"about":[{"href":"https:\/\/osmerhernandez.com\/es\/wp-json\/wp\/v2\/types\/page"}],"author":[{"embeddable":true,"href":"https:\/\/osmerhernandez.com\/es\/wp-json\/wp\/v2\/users\/1"}],"replies":[{"embeddable":true,"href":"https:\/\/osmerhernandez.com\/es\/wp-json\/wp\/v2\/comments?post=16650"}],"version-history":[{"count":0,"href":"https:\/\/osmerhernandez.com\/es\/wp-json\/wp\/v2\/pages\/16650\/revisions"}],"wp:attachment":[{"href":"https:\/\/osmerhernandez.com\/es\/wp-json\/wp\/v2\/media?parent=16650"}],"curies":[{"name":"wp","href":"https:\/\/api.w.org\/{rel}","templated":true}]}}